{"id":101,"date":"2020-02-03T16:19:20","date_gmt":"2020-02-03T15:19:20","guid":{"rendered":"https:\/\/flaengfys.dk\/?page_id=101"},"modified":"2020-06-30T23:14:26","modified_gmt":"2020-06-30T21:14:26","slug":"kontakt","status":"publish","type":"page","link":"https:\/\/flaengfys.dk\/index.php\/kontakt\/","title":{"rendered":"Kontakt"},"content":{"rendered":"\n<p>Fl\u00e6ng Fysioterapi<br>v. Fysioterapeut Julie Fl\u00e6ng Jakobsen<br>R\u00e6rupvej 8, 7870 Roslev<br>Tlf.: 21374707<br>Mail: Julie@flaengfys.dk<\/p>\n\n\n\n<figure class=\"wp-block-image size-large\"><img loading=\"lazy\" decoding=\"async\" width=\"1024\" height=\"683\" src=\"https:\/\/flaengfys.dk\/wp-content\/uploads\/2020\/02\/IMG_4604-1024x683.jpg\" alt=\"\" class=\"wp-image-108\" srcset=\"https:\/\/flaengfys.dk\/wp-content\/uploads\/2020\/02\/IMG_4604-1024x683.jpg 1024w, https:\/\/flaengfys.dk\/wp-content\/uploads\/2020\/02\/IMG_4604-300x200.jpg 300w, https:\/\/flaengfys.dk\/wp-content\/uploads\/2020\/02\/IMG_4604-768x512.jpg 768w, https:\/\/flaengfys.dk\/wp-content\/uploads\/2020\/02\/IMG_4604-1536x1024.jpg 1536w, https:\/\/flaengfys.dk\/wp-content\/uploads\/2020\/02\/IMG_4604-2048x1365.jpg 2048w\" sizes=\"auto, (max-width: 706px) 89vw, (max-width: 767px) 82vw, 740px\" \/><\/figure>\n\n\n\n<p class=\"has-small-font-size\">Autorisationsnr: 0CT3S<br>Cvr nr: 40265910<\/p>\n","protected":false},"excerpt":{"rendered":"<p>Fl\u00e6ng Fysioterapiv. Fysioterapeut Julie Fl\u00e6ng JakobsenR\u00e6rupvej 8, 7870 RoslevTlf.: 21374707Mail: Julie@flaengfys.dk Autorisationsnr: 0CT3SCvr nr: 40265910<\/p>\n","protected":false},"author":1,"featured_media":0,"parent":0,"menu_order":0,"comment_status":"closed","ping_status":"closed","template":"","meta":{"footnotes":""},"class_list":["post-101","page","type-page","status-publish","hentry"],"yoast_head":"<!-- This site is optimized with the Yoast SEO plugin v24.3 - https:\/\/yoast.com\/wordpress\/plugins\/seo\/ -->\n<title>Kontakt - Fl\u00e6ng Fysioterapi<\/title>\n<meta name=\"robots\" content=\"index, follow, max-snippet:-1, max-image-preview:large, max-video-preview:-1\" \/>\n<link rel=\"canonical\" href=\"https:\/\/flaengfys.dk\/index.php\/kontakt\/\" \/>\n<meta property=\"og:locale\" content=\"da_DK\" \/>\n<meta property=\"og:type\" content=\"article\" \/>\n<meta property=\"og:title\" content=\"Kontakt - Fl\u00e6ng Fysioterapi\" \/>\n<meta property=\"og:description\" content=\"Fl\u00e6ng Fysioterapiv. Fysioterapeut Julie Fl\u00e6ng JakobsenR\u00e6rupvej 8, 7870 RoslevTlf.: 21374707Mail: Julie@flaengfys.dk Autorisationsnr: 0CT3SCvr nr: 40265910\" \/>\n<meta property=\"og:url\" content=\"https:\/\/flaengfys.dk\/index.php\/kontakt\/\" \/>\n<meta property=\"og:site_name\" content=\"Fl\u00e6ng Fysioterapi\" \/>\n<meta property=\"article:modified_time\" content=\"2020-06-30T21:14:26+00:00\" \/>\n<meta property=\"og:image\" content=\"https:\/\/flaengfys.dk\/wp-content\/uploads\/2020\/02\/IMG_4604-1024x683.jpg\" \/>\n<meta name=\"twitter:card\" content=\"summary_large_image\" \/>\n<script type=\"application\/ld+json\" class=\"yoast-schema-graph\">{\"@context\":\"https:\/\/schema.org\",\"@graph\":[{\"@type\":\"WebPage\",\"@id\":\"https:\/\/flaengfys.dk\/index.php\/kontakt\/\",\"url\":\"https:\/\/flaengfys.dk\/index.php\/kontakt\/\",\"name\":\"Kontakt - Fl\u00e6ng Fysioterapi\",\"isPartOf\":{\"@id\":\"https:\/\/flaengfys.dk\/#website\"},\"primaryImageOfPage\":{\"@id\":\"https:\/\/flaengfys.dk\/index.php\/kontakt\/#primaryimage\"},\"image\":{\"@id\":\"https:\/\/flaengfys.dk\/index.php\/kontakt\/#primaryimage\"},\"thumbnailUrl\":\"https:\/\/flaengfys.dk\/wp-content\/uploads\/2020\/02\/IMG_4604-1024x683.jpg\",\"datePublished\":\"2020-02-03T15:19:20+00:00\",\"dateModified\":\"2020-06-30T21:14:26+00:00\",\"breadcrumb\":{\"@id\":\"https:\/\/flaengfys.dk\/index.php\/kontakt\/#breadcrumb\"},\"inLanguage\":\"da-DK\",\"potentialAction\":[{\"@type\":\"ReadAction\",\"target\":[\"https:\/\/flaengfys.dk\/index.php\/kontakt\/\"]}]},{\"@type\":\"ImageObject\",\"inLanguage\":\"da-DK\",\"@id\":\"https:\/\/flaengfys.dk\/index.php\/kontakt\/#primaryimage\",\"url\":\"https:\/\/flaengfys.dk\/wp-content\/uploads\/2020\/02\/IMG_4604-1024x683.jpg\",\"contentUrl\":\"https:\/\/flaengfys.dk\/wp-content\/uploads\/2020\/02\/IMG_4604-1024x683.jpg\"},{\"@type\":\"BreadcrumbList\",\"@id\":\"https:\/\/flaengfys.dk\/index.php\/kontakt\/#breadcrumb\",\"itemListElement\":[{\"@type\":\"ListItem\",\"position\":1,\"name\":\"Hjem\",\"item\":\"https:\/\/flaengfys.dk\/\"},{\"@type\":\"ListItem\",\"position\":2,\"name\":\"Kontakt\"}]},{\"@type\":\"WebSite\",\"@id\":\"https:\/\/flaengfys.dk\/#website\",\"url\":\"https:\/\/flaengfys.dk\/\",\"name\":\"Fl\u00e6ng Fysioterapi\",\"description\":\"For hest &amp; rytter\",\"potentialAction\":[{\"@type\":\"SearchAction\",\"target\":{\"@type\":\"EntryPoint\",\"urlTemplate\":\"https:\/\/flaengfys.dk\/?s={search_term_string}\"},\"query-input\":{\"@type\":\"PropertyValueSpecification\",\"valueRequired\":true,\"valueName\":\"search_term_string\"}}],\"inLanguage\":\"da-DK\"}]}<\/script>\n<!-- \/ Yoast SEO plugin. -->","yoast_head_json":{"title":"Kontakt - Fl\u00e6ng Fysioterapi","robots":{"index":"index","follow":"follow","max-snippet":"max-snippet:-1","max-image-preview":"max-image-preview:large","max-video-preview":"max-video-preview:-1"},"canonical":"https:\/\/flaengfys.dk\/index.php\/kontakt\/","og_locale":"da_DK","og_type":"article","og_title":"Kontakt - Fl\u00e6ng Fysioterapi","og_description":"Fl\u00e6ng Fysioterapiv. Fysioterapeut Julie Fl\u00e6ng JakobsenR\u00e6rupvej 8, 7870 RoslevTlf.: 21374707Mail: Julie@flaengfys.dk Autorisationsnr: 0CT3SCvr nr: 40265910","og_url":"https:\/\/flaengfys.dk\/index.php\/kontakt\/","og_site_name":"Fl\u00e6ng Fysioterapi","article_modified_time":"2020-06-30T21:14:26+00:00","og_image":[{"url":"https:\/\/flaengfys.dk\/wp-content\/uploads\/2020\/02\/IMG_4604-1024x683.jpg","type":"","width":"","height":""}],"twitter_card":"summary_large_image","schema":{"@context":"https:\/\/schema.org","@graph":[{"@type":"WebPage","@id":"https:\/\/flaengfys.dk\/index.php\/kontakt\/","url":"https:\/\/flaengfys.dk\/index.php\/kontakt\/","name":"Kontakt - Fl\u00e6ng Fysioterapi","isPartOf":{"@id":"https:\/\/flaengfys.dk\/#website"},"primaryImageOfPage":{"@id":"https:\/\/flaengfys.dk\/index.php\/kontakt\/#primaryimage"},"image":{"@id":"https:\/\/flaengfys.dk\/index.php\/kontakt\/#primaryimage"},"thumbnailUrl":"https:\/\/flaengfys.dk\/wp-content\/uploads\/2020\/02\/IMG_4604-1024x683.jpg","datePublished":"2020-02-03T15:19:20+00:00","dateModified":"2020-06-30T21:14:26+00:00","breadcrumb":{"@id":"https:\/\/flaengfys.dk\/index.php\/kontakt\/#breadcrumb"},"inLanguage":"da-DK","potentialAction":[{"@type":"ReadAction","target":["https:\/\/flaengfys.dk\/index.php\/kontakt\/"]}]},{"@type":"ImageObject","inLanguage":"da-DK","@id":"https:\/\/flaengfys.dk\/index.php\/kontakt\/#primaryimage","url":"https:\/\/flaengfys.dk\/wp-content\/uploads\/2020\/02\/IMG_4604-1024x683.jpg","contentUrl":"https:\/\/flaengfys.dk\/wp-content\/uploads\/2020\/02\/IMG_4604-1024x683.jpg"},{"@type":"BreadcrumbList","@id":"https:\/\/flaengfys.dk\/index.php\/kontakt\/#breadcrumb","itemListElement":[{"@type":"ListItem","position":1,"name":"Hjem","item":"https:\/\/flaengfys.dk\/"},{"@type":"ListItem","position":2,"name":"Kontakt"}]},{"@type":"WebSite","@id":"https:\/\/flaengfys.dk\/#website","url":"https:\/\/flaengfys.dk\/","name":"Fl\u00e6ng Fysioterapi","description":"For hest &amp; rytter","potentialAction":[{"@type":"SearchAction","target":{"@type":"EntryPoint","urlTemplate":"https:\/\/flaengfys.dk\/?s={search_term_string}"},"query-input":{"@type":"PropertyValueSpecification","valueRequired":true,"valueName":"search_term_string"}}],"inLanguage":"da-DK"}]}},"_links":{"self":[{"href":"https:\/\/flaengfys.dk\/index.php\/wp-json\/wp\/v2\/pages\/101","targetHints":{"allow":["GET"]}}],"collection":[{"href":"https:\/\/flaengfys.dk\/index.php\/wp-json\/wp\/v2\/pages"}],"about":[{"href":"https:\/\/flaengfys.dk\/index.php\/wp-json\/wp\/v2\/types\/page"}],"author":[{"embeddable":true,"href":"https:\/\/flaengfys.dk\/index.php\/wp-json\/wp\/v2\/users\/1"}],"replies":[{"embeddable":true,"href":"https:\/\/flaengfys.dk\/index.php\/wp-json\/wp\/v2\/comments?post=101"}],"version-history":[{"count":5,"href":"https:\/\/flaengfys.dk\/index.php\/wp-json\/wp\/v2\/pages\/101\/revisions"}],"predecessor-version":[{"id":172,"href":"https:\/\/flaengfys.dk\/index.php\/wp-json\/wp\/v2\/pages\/101\/revisions\/172"}],"wp:attachment":[{"href":"https:\/\/flaengfys.dk\/index.php\/wp-json\/wp\/v2\/media?parent=101"}],"curies":[{"name":"wp","href":"https:\/\/api.w.org\/{rel}","templated":true}]}}