{"id":118,"date":"2020-05-03T10:20:42","date_gmt":"2020-05-03T08:20:42","guid":{"rendered":"https:\/\/flaengfys.dk\/?page_id=118"},"modified":"2020-05-03T10:20:42","modified_gmt":"2020-05-03T08:20:42","slug":"ridefysioterapi","status":"publish","type":"page","link":"https:\/\/flaengfys.dk\/index.php\/ridefysioterapi\/","title":{"rendered":"Ridefysioterapi"},"content":{"rendered":"\n<h3 class=\"wp-block-heading\"><strong>Hvad er ridefysioterapi?<\/strong><\/h3>\n\n\n\n<p>Ridefysioterapi er en form for fysioterapi, hvor heste indg\u00e5r som behandlingsredskab.<\/p>\n\n\n\n<p>Ridefysioterapi anvender de tredimensionelle bev\u00e6gelser fra hesten under skridtgang som det prim\u00e6re element i behandlingen. Ved hj\u00e6lp af hestens bev\u00e6gem\u00f8nstre tr\u00e6nes patientens egne bev\u00e6gem\u00f8nstre, posturale kontrol, balance og muskelstyrke.<\/p>\n\n\n\n<p>Effekten af ridefysioterapi ses s\u00e6rligt p\u00e5 nedsat balance, nedsat gangfunktion, koordination, spasticitet, ligev\u00e6gtsfornemmelse og kropsholdning. Ridefysioterapi kan desuden anvendes til sansemotorisk og psykomotorisk tr\u00e6ning samt til kontrakturforebyggelse og -behandling.<br><br>Ridefysioterapi udf\u00f8res efter l\u00e6gehenvisning og foreg\u00e5r som holdtr\u00e6ning p\u00e5 rideskoler og rideklubber, der er godkendte af regionen\/kommunerne.<\/p>\n\n\n\n<h3 class=\"wp-block-heading\"><strong>Hvem kan f\u00e5 l\u00e6geordineret ridefysioterapi?<\/strong><\/h3>\n\n\n\n<p><em>Uden egenbetaling:<\/em><\/p>\n\n\n\n<ul class=\"wp-block-list\"><li>Personer med sv\u00e6rt fysisk handicap, der i henhold til overenskomsten er berettiget til vederlagsfri fysioterapi.<\/li><\/ul>\n\n\n\n<p><em>Med egenbetaling:<\/em><\/p>\n\n\n\n<ul class=\"wp-block-list\"><li>Blinde og svagtseende.<\/li><li>Personer med Downs Syndrom og autisme, hvis regionen tr\u00e6ffer s\u00e6rskilt beslutning herom<\/li><li>Personer som ikke opfylder alle de kriterier, der er en foruds\u00e6tning for tilbuddet om vederlagsfri fysioterapi, men som har en af f\u00f8lgende diagnoser, er efter regionens s\u00e6rskilte beslutning berettiget til ridefysioterapi:<br><ol><li>Reumatoid artritis<\/li><li>Muskelsvind<\/li><li>Cystisk Fibrose<\/li><li>Handicap efter polio<\/li><li>Amputationer og ulykkestilf\u00e6lde<\/li><li>Fysisk handicap som f\u00f8lge af medf\u00f8dte eller arvelige sygdomme<\/li><\/ol><\/li><\/ul>\n\n\n\n<p style=\"font-size:8px\" class=\"has-text-align-right\"><em>Kilde: Danske Fysiote<\/em>rapeuter<\/p>\n","protected":false},"excerpt":{"rendered":"<p>Hvad er ridefysioterapi? Ridefysioterapi er en form for fysioterapi, hvor heste indg\u00e5r som behandlingsredskab. Ridefysioterapi anvender de tredimensionelle bev\u00e6gelser fra hesten under skridtgang som det prim\u00e6re element i behandlingen. Ved hj\u00e6lp af hestens bev\u00e6gem\u00f8nstre tr\u00e6nes patientens egne bev\u00e6gem\u00f8nstre, posturale kontrol, balance og muskelstyrke. Effekten af ridefysioterapi ses s\u00e6rligt p\u00e5 nedsat balance, nedsat gangfunktion, koordination, spasticitet, &hellip; <\/p>\n<p class=\"link-more\"><a href=\"https:\/\/flaengfys.dk\/index.php\/ridefysioterapi\/\" class=\"more-link\">L\u00e6s videre<span class=\"screen-reader-text\"> &#8220;Ridefysioterapi&#8221;<\/span><\/a><\/p>\n","protected":false},"author":1,"featured_media":0,"parent":0,"menu_order":0,"comment_status":"closed","ping_status":"closed","template":"","meta":{"footnotes":""},"class_list":["post-118","page","type-page","status-publish","hentry"],"yoast_head":"<!-- This site is optimized with the Yoast SEO plugin v24.3 - https:\/\/yoast.com\/wordpress\/plugins\/seo\/ -->\n<title>Ridefysioterapi - Fl\u00e6ng Fysioterapi<\/title>\n<meta name=\"robots\" content=\"index, follow, max-snippet:-1, max-image-preview:large, max-video-preview:-1\" \/>\n<link rel=\"canonical\" href=\"https:\/\/flaengfys.dk\/index.php\/ridefysioterapi\/\" \/>\n<meta property=\"og:locale\" content=\"da_DK\" \/>\n<meta property=\"og:type\" content=\"article\" \/>\n<meta property=\"og:title\" content=\"Ridefysioterapi - Fl\u00e6ng Fysioterapi\" \/>\n<meta property=\"og:description\" content=\"Hvad er ridefysioterapi? Ridefysioterapi er en form for fysioterapi, hvor heste indg\u00e5r som behandlingsredskab. Ridefysioterapi anvender de tredimensionelle bev\u00e6gelser fra hesten under skridtgang som det prim\u00e6re element i behandlingen. Ved hj\u00e6lp af hestens bev\u00e6gem\u00f8nstre tr\u00e6nes patientens egne bev\u00e6gem\u00f8nstre, posturale kontrol, balance og muskelstyrke. Effekten af ridefysioterapi ses s\u00e6rligt p\u00e5 nedsat balance, nedsat gangfunktion, koordination, spasticitet, &hellip; L\u00e6s videre &quot;Ridefysioterapi&quot;\" \/>\n<meta property=\"og:url\" content=\"https:\/\/flaengfys.dk\/index.php\/ridefysioterapi\/\" \/>\n<meta property=\"og:site_name\" content=\"Fl\u00e6ng Fysioterapi\" \/>\n<meta name=\"twitter:card\" content=\"summary_large_image\" \/>\n<meta name=\"twitter:label1\" content=\"Estimeret l\u00e6setid\" \/>\n\t<meta name=\"twitter:data1\" content=\"1 minut\" \/>\n<script type=\"application\/ld+json\" class=\"yoast-schema-graph\">{\"@context\":\"https:\/\/schema.org\",\"@graph\":[{\"@type\":\"WebPage\",\"@id\":\"https:\/\/flaengfys.dk\/index.php\/ridefysioterapi\/\",\"url\":\"https:\/\/flaengfys.dk\/index.php\/ridefysioterapi\/\",\"name\":\"Ridefysioterapi - Fl\u00e6ng Fysioterapi\",\"isPartOf\":{\"@id\":\"https:\/\/flaengfys.dk\/#website\"},\"datePublished\":\"2020-05-03T08:20:42+00:00\",\"dateModified\":\"2020-05-03T08:20:42+00:00\",\"breadcrumb\":{\"@id\":\"https:\/\/flaengfys.dk\/index.php\/ridefysioterapi\/#breadcrumb\"},\"inLanguage\":\"da-DK\",\"potentialAction\":[{\"@type\":\"ReadAction\",\"target\":[\"https:\/\/flaengfys.dk\/index.php\/ridefysioterapi\/\"]}]},{\"@type\":\"BreadcrumbList\",\"@id\":\"https:\/\/flaengfys.dk\/index.php\/ridefysioterapi\/#breadcrumb\",\"itemListElement\":[{\"@type\":\"ListItem\",\"position\":1,\"name\":\"Hjem\",\"item\":\"https:\/\/flaengfys.dk\/\"},{\"@type\":\"ListItem\",\"position\":2,\"name\":\"Ridefysioterapi\"}]},{\"@type\":\"WebSite\",\"@id\":\"https:\/\/flaengfys.dk\/#website\",\"url\":\"https:\/\/flaengfys.dk\/\",\"name\":\"Fl\u00e6ng Fysioterapi\",\"description\":\"For hest &amp; rytter\",\"potentialAction\":[{\"@type\":\"SearchAction\",\"target\":{\"@type\":\"EntryPoint\",\"urlTemplate\":\"https:\/\/flaengfys.dk\/?s={search_term_string}\"},\"query-input\":{\"@type\":\"PropertyValueSpecification\",\"valueRequired\":true,\"valueName\":\"search_term_string\"}}],\"inLanguage\":\"da-DK\"}]}<\/script>\n<!-- \/ Yoast SEO plugin. -->","yoast_head_json":{"title":"Ridefysioterapi - Fl\u00e6ng Fysioterapi","robots":{"index":"index","follow":"follow","max-snippet":"max-snippet:-1","max-image-preview":"max-image-preview:large","max-video-preview":"max-video-preview:-1"},"canonical":"https:\/\/flaengfys.dk\/index.php\/ridefysioterapi\/","og_locale":"da_DK","og_type":"article","og_title":"Ridefysioterapi - Fl\u00e6ng Fysioterapi","og_description":"Hvad er ridefysioterapi? Ridefysioterapi er en form for fysioterapi, hvor heste indg\u00e5r som behandlingsredskab. Ridefysioterapi anvender de tredimensionelle bev\u00e6gelser fra hesten under skridtgang som det prim\u00e6re element i behandlingen. Ved hj\u00e6lp af hestens bev\u00e6gem\u00f8nstre tr\u00e6nes patientens egne bev\u00e6gem\u00f8nstre, posturale kontrol, balance og muskelstyrke. Effekten af ridefysioterapi ses s\u00e6rligt p\u00e5 nedsat balance, nedsat gangfunktion, koordination, spasticitet, &hellip; L\u00e6s videre \"Ridefysioterapi\"","og_url":"https:\/\/flaengfys.dk\/index.php\/ridefysioterapi\/","og_site_name":"Fl\u00e6ng Fysioterapi","twitter_card":"summary_large_image","twitter_misc":{"Estimeret l\u00e6setid":"1 minut"},"schema":{"@context":"https:\/\/schema.org","@graph":[{"@type":"WebPage","@id":"https:\/\/flaengfys.dk\/index.php\/ridefysioterapi\/","url":"https:\/\/flaengfys.dk\/index.php\/ridefysioterapi\/","name":"Ridefysioterapi - Fl\u00e6ng Fysioterapi","isPartOf":{"@id":"https:\/\/flaengfys.dk\/#website"},"datePublished":"2020-05-03T08:20:42+00:00","dateModified":"2020-05-03T08:20:42+00:00","breadcrumb":{"@id":"https:\/\/flaengfys.dk\/index.php\/ridefysioterapi\/#breadcrumb"},"inLanguage":"da-DK","potentialAction":[{"@type":"ReadAction","target":["https:\/\/flaengfys.dk\/index.php\/ridefysioterapi\/"]}]},{"@type":"BreadcrumbList","@id":"https:\/\/flaengfys.dk\/index.php\/ridefysioterapi\/#breadcrumb","itemListElement":[{"@type":"ListItem","position":1,"name":"Hjem","item":"https:\/\/flaengfys.dk\/"},{"@type":"ListItem","position":2,"name":"Ridefysioterapi"}]},{"@type":"WebSite","@id":"https:\/\/flaengfys.dk\/#website","url":"https:\/\/flaengfys.dk\/","name":"Fl\u00e6ng Fysioterapi","description":"For hest &amp; rytter","potentialAction":[{"@type":"SearchAction","target":{"@type":"EntryPoint","urlTemplate":"https:\/\/flaengfys.dk\/?s={search_term_string}"},"query-input":{"@type":"PropertyValueSpecification","valueRequired":true,"valueName":"search_term_string"}}],"inLanguage":"da-DK"}]}},"_links":{"self":[{"href":"https:\/\/flaengfys.dk\/index.php\/wp-json\/wp\/v2\/pages\/118","targetHints":{"allow":["GET"]}}],"collection":[{"href":"https:\/\/flaengfys.dk\/index.php\/wp-json\/wp\/v2\/pages"}],"about":[{"href":"https:\/\/flaengfys.dk\/index.php\/wp-json\/wp\/v2\/types\/page"}],"author":[{"embeddable":true,"href":"https:\/\/flaengfys.dk\/index.php\/wp-json\/wp\/v2\/users\/1"}],"replies":[{"embeddable":true,"href":"https:\/\/flaengfys.dk\/index.php\/wp-json\/wp\/v2\/comments?post=118"}],"version-history":[{"count":1,"href":"https:\/\/flaengfys.dk\/index.php\/wp-json\/wp\/v2\/pages\/118\/revisions"}],"predecessor-version":[{"id":119,"href":"https:\/\/flaengfys.dk\/index.php\/wp-json\/wp\/v2\/pages\/118\/revisions\/119"}],"wp:attachment":[{"href":"https:\/\/flaengfys.dk\/index.php\/wp-json\/wp\/v2\/media?parent=118"}],"curies":[{"name":"wp","href":"https:\/\/api.w.org\/{rel}","templated":true}]}}