{"id":66,"date":"2020-01-22T14:56:44","date_gmt":"2020-01-22T13:56:44","guid":{"rendered":"https:\/\/flaengfys.dk\/?page_id=66"},"modified":"2020-06-30T22:08:06","modified_gmt":"2020-06-30T20:08:06","slug":"om-mig","status":"publish","type":"page","link":"https:\/\/flaengfys.dk\/index.php\/om-mig\/","title":{"rendered":"Om mig"},"content":{"rendered":"\n<p>Mit navn er Julie Fl\u00e6ng Jakobsen. Jeg er uddannet Fysioterapeut p\u00e5 Professionsh\u00f8jskolen i Holstebro i sommeren 2018, hvor jeg har taget valgfag i anvendt biomekanik. Desuden er jeg certificeret Ridefysioterapeut, hvor jeg arbejder med at behandle patienter ved brug af hestens bev\u00e6gelser.<br> Det har siden jeg startede uddannelsen v\u00e6ret min intention at bygge videre p\u00e5 min uddannelse, s\u00e5 jeg kunne komme til at arbejde med heste. Jeg startede p\u00e5 uddannelsen til Hestefysioterapeut ved Cecilie Stadler, i November 2018, og er f\u00e6rdig i August 2020.  <\/p>\n\n\n\n<p>Jeg havde min f\u00f8rste ridetime den 14\/5 2004, og har redet lige siden, jeg k\u00f8bte min f\u00f8rste hest for mine konfirmationspenge, efter nogle \u00e5r med parter p\u00e5 rideskolens heste. 1 hest blev til 2, og efter et par \u00e5r fik jeg hest nummer 3. Da jeg startede p\u00e5 fys. studiet valgte jeg at s\u00e6lge mine p\u00e5 det tidspunkt &#8220;\u00e6ldre&#8221; heste, da de havde brug for j\u00e6vnligt at blive motioneret, og jeg kunne ikke finde tiden. Der gik ikke mange m\u00e5neder som &#8220;hestel\u00f8s&#8221; f\u00f8r jeg k\u00f8bte mig min f\u00f8rste unghest, da han s\u00e5 kunne vokse op og v\u00e6re klar til tilridning n\u00e5r jeg var f\u00e6rdig med fys. studiet. <br>I dag bor p\u00e5 en lille g\u00e5rd, sammen med min k\u00e6reste, uden for byen Breum. Jeg har 2 Fjordheste som jeg har haft siden de var helt unge. Jeg g\u00e5r meget op i en alsidig tr\u00e6ning, og har gennem min uddannelse f\u00e5et fokus p\u00e5 hvordan mine sk\u00e6vheder som rytter kan plante sig videre i hesten.  <\/p>\n\n\n\n<figure class=\"wp-block-image size-large is-resized\"><img loading=\"lazy\" decoding=\"async\" src=\"https:\/\/flaengfys.dk\/wp-content\/uploads\/2020\/06\/IMG_4640-699x1024.jpg\" alt=\"\" class=\"wp-image-138\" width=\"355\" height=\"520\" srcset=\"https:\/\/flaengfys.dk\/wp-content\/uploads\/2020\/06\/IMG_4640-699x1024.jpg 699w, https:\/\/flaengfys.dk\/wp-content\/uploads\/2020\/06\/IMG_4640-205x300.jpg 205w, https:\/\/flaengfys.dk\/wp-content\/uploads\/2020\/06\/IMG_4640-768x1125.jpg 768w, https:\/\/flaengfys.dk\/wp-content\/uploads\/2020\/06\/IMG_4640-1049x1536.jpg 1049w, https:\/\/flaengfys.dk\/wp-content\/uploads\/2020\/06\/IMG_4640-1398x2048.jpg 1398w, https:\/\/flaengfys.dk\/wp-content\/uploads\/2020\/06\/IMG_4640-scaled.jpg 1748w\" sizes=\"auto, (max-width: 355px) 100vw, 355px\" \/><\/figure>\n","protected":false},"excerpt":{"rendered":"<p>Mit navn er Julie Fl\u00e6ng Jakobsen. Jeg er uddannet Fysioterapeut p\u00e5 Professionsh\u00f8jskolen i Holstebro i sommeren 2018, hvor jeg har taget valgfag i anvendt biomekanik. Desuden er jeg certificeret Ridefysioterapeut, hvor jeg arbejder med at behandle patienter ved brug af hestens bev\u00e6gelser. Det har siden jeg startede uddannelsen v\u00e6ret min intention at bygge videre p\u00e5 &hellip; <\/p>\n<p class=\"link-more\"><a href=\"https:\/\/flaengfys.dk\/index.php\/om-mig\/\" class=\"more-link\">L\u00e6s videre<span class=\"screen-reader-text\"> &#8220;Om mig&#8221;<\/span><\/a><\/p>\n","protected":false},"author":1,"featured_media":0,"parent":0,"menu_order":0,"comment_status":"closed","ping_status":"closed","template":"","meta":{"footnotes":""},"class_list":["post-66","page","type-page","status-publish","hentry"],"yoast_head":"<!-- This site is optimized with the Yoast SEO plugin v24.3 - https:\/\/yoast.com\/wordpress\/plugins\/seo\/ -->\n<title>Om mig - Fl\u00e6ng Fysioterapi<\/title>\n<meta name=\"robots\" content=\"index, follow, max-snippet:-1, max-image-preview:large, max-video-preview:-1\" \/>\n<link rel=\"canonical\" href=\"https:\/\/flaengfys.dk\/index.php\/om-mig\/\" \/>\n<meta property=\"og:locale\" content=\"da_DK\" \/>\n<meta property=\"og:type\" content=\"article\" \/>\n<meta property=\"og:title\" content=\"Om mig - Fl\u00e6ng Fysioterapi\" \/>\n<meta property=\"og:description\" content=\"Mit navn er Julie Fl\u00e6ng Jakobsen. Jeg er uddannet Fysioterapeut p\u00e5 Professionsh\u00f8jskolen i Holstebro i sommeren 2018, hvor jeg har taget valgfag i anvendt biomekanik. Desuden er jeg certificeret Ridefysioterapeut, hvor jeg arbejder med at behandle patienter ved brug af hestens bev\u00e6gelser. Det har siden jeg startede uddannelsen v\u00e6ret min intention at bygge videre p\u00e5 &hellip; L\u00e6s videre &quot;Om mig&quot;\" \/>\n<meta property=\"og:url\" content=\"https:\/\/flaengfys.dk\/index.php\/om-mig\/\" \/>\n<meta property=\"og:site_name\" content=\"Fl\u00e6ng Fysioterapi\" \/>\n<meta property=\"article:modified_time\" content=\"2020-06-30T20:08:06+00:00\" \/>\n<meta property=\"og:image\" content=\"https:\/\/flaengfys.dk\/wp-content\/uploads\/2020\/06\/IMG_4640-699x1024.jpg\" \/>\n<meta name=\"twitter:card\" content=\"summary_large_image\" \/>\n<meta name=\"twitter:label1\" content=\"Estimeret l\u00e6setid\" \/>\n\t<meta name=\"twitter:data1\" content=\"1 minut\" \/>\n<script type=\"application\/ld+json\" class=\"yoast-schema-graph\">{\"@context\":\"https:\/\/schema.org\",\"@graph\":[{\"@type\":\"WebPage\",\"@id\":\"https:\/\/flaengfys.dk\/index.php\/om-mig\/\",\"url\":\"https:\/\/flaengfys.dk\/index.php\/om-mig\/\",\"name\":\"Om mig - Fl\u00e6ng Fysioterapi\",\"isPartOf\":{\"@id\":\"https:\/\/flaengfys.dk\/#website\"},\"primaryImageOfPage\":{\"@id\":\"https:\/\/flaengfys.dk\/index.php\/om-mig\/#primaryimage\"},\"image\":{\"@id\":\"https:\/\/flaengfys.dk\/index.php\/om-mig\/#primaryimage\"},\"thumbnailUrl\":\"https:\/\/flaengfys.dk\/wp-content\/uploads\/2020\/06\/IMG_4640-699x1024.jpg\",\"datePublished\":\"2020-01-22T13:56:44+00:00\",\"dateModified\":\"2020-06-30T20:08:06+00:00\",\"breadcrumb\":{\"@id\":\"https:\/\/flaengfys.dk\/index.php\/om-mig\/#breadcrumb\"},\"inLanguage\":\"da-DK\",\"potentialAction\":[{\"@type\":\"ReadAction\",\"target\":[\"https:\/\/flaengfys.dk\/index.php\/om-mig\/\"]}]},{\"@type\":\"ImageObject\",\"inLanguage\":\"da-DK\",\"@id\":\"https:\/\/flaengfys.dk\/index.php\/om-mig\/#primaryimage\",\"url\":\"https:\/\/flaengfys.dk\/wp-content\/uploads\/2020\/06\/IMG_4640-699x1024.jpg\",\"contentUrl\":\"https:\/\/flaengfys.dk\/wp-content\/uploads\/2020\/06\/IMG_4640-699x1024.jpg\"},{\"@type\":\"BreadcrumbList\",\"@id\":\"https:\/\/flaengfys.dk\/index.php\/om-mig\/#breadcrumb\",\"itemListElement\":[{\"@type\":\"ListItem\",\"position\":1,\"name\":\"Hjem\",\"item\":\"https:\/\/flaengfys.dk\/\"},{\"@type\":\"ListItem\",\"position\":2,\"name\":\"Om mig\"}]},{\"@type\":\"WebSite\",\"@id\":\"https:\/\/flaengfys.dk\/#website\",\"url\":\"https:\/\/flaengfys.dk\/\",\"name\":\"Fl\u00e6ng Fysioterapi\",\"description\":\"For hest &amp; rytter\",\"potentialAction\":[{\"@type\":\"SearchAction\",\"target\":{\"@type\":\"EntryPoint\",\"urlTemplate\":\"https:\/\/flaengfys.dk\/?s={search_term_string}\"},\"query-input\":{\"@type\":\"PropertyValueSpecification\",\"valueRequired\":true,\"valueName\":\"search_term_string\"}}],\"inLanguage\":\"da-DK\"}]}<\/script>\n<!-- \/ Yoast SEO plugin. -->","yoast_head_json":{"title":"Om mig - Fl\u00e6ng Fysioterapi","robots":{"index":"index","follow":"follow","max-snippet":"max-snippet:-1","max-image-preview":"max-image-preview:large","max-video-preview":"max-video-preview:-1"},"canonical":"https:\/\/flaengfys.dk\/index.php\/om-mig\/","og_locale":"da_DK","og_type":"article","og_title":"Om mig - Fl\u00e6ng Fysioterapi","og_description":"Mit navn er Julie Fl\u00e6ng Jakobsen. Jeg er uddannet Fysioterapeut p\u00e5 Professionsh\u00f8jskolen i Holstebro i sommeren 2018, hvor jeg har taget valgfag i anvendt biomekanik. Desuden er jeg certificeret Ridefysioterapeut, hvor jeg arbejder med at behandle patienter ved brug af hestens bev\u00e6gelser. Det har siden jeg startede uddannelsen v\u00e6ret min intention at bygge videre p\u00e5 &hellip; L\u00e6s videre \"Om mig\"","og_url":"https:\/\/flaengfys.dk\/index.php\/om-mig\/","og_site_name":"Fl\u00e6ng Fysioterapi","article_modified_time":"2020-06-30T20:08:06+00:00","og_image":[{"url":"https:\/\/flaengfys.dk\/wp-content\/uploads\/2020\/06\/IMG_4640-699x1024.jpg","type":"","width":"","height":""}],"twitter_card":"summary_large_image","twitter_misc":{"Estimeret l\u00e6setid":"1 minut"},"schema":{"@context":"https:\/\/schema.org","@graph":[{"@type":"WebPage","@id":"https:\/\/flaengfys.dk\/index.php\/om-mig\/","url":"https:\/\/flaengfys.dk\/index.php\/om-mig\/","name":"Om mig - Fl\u00e6ng Fysioterapi","isPartOf":{"@id":"https:\/\/flaengfys.dk\/#website"},"primaryImageOfPage":{"@id":"https:\/\/flaengfys.dk\/index.php\/om-mig\/#primaryimage"},"image":{"@id":"https:\/\/flaengfys.dk\/index.php\/om-mig\/#primaryimage"},"thumbnailUrl":"https:\/\/flaengfys.dk\/wp-content\/uploads\/2020\/06\/IMG_4640-699x1024.jpg","datePublished":"2020-01-22T13:56:44+00:00","dateModified":"2020-06-30T20:08:06+00:00","breadcrumb":{"@id":"https:\/\/flaengfys.dk\/index.php\/om-mig\/#breadcrumb"},"inLanguage":"da-DK","potentialAction":[{"@type":"ReadAction","target":["https:\/\/flaengfys.dk\/index.php\/om-mig\/"]}]},{"@type":"ImageObject","inLanguage":"da-DK","@id":"https:\/\/flaengfys.dk\/index.php\/om-mig\/#primaryimage","url":"https:\/\/flaengfys.dk\/wp-content\/uploads\/2020\/06\/IMG_4640-699x1024.jpg","contentUrl":"https:\/\/flaengfys.dk\/wp-content\/uploads\/2020\/06\/IMG_4640-699x1024.jpg"},{"@type":"BreadcrumbList","@id":"https:\/\/flaengfys.dk\/index.php\/om-mig\/#breadcrumb","itemListElement":[{"@type":"ListItem","position":1,"name":"Hjem","item":"https:\/\/flaengfys.dk\/"},{"@type":"ListItem","position":2,"name":"Om mig"}]},{"@type":"WebSite","@id":"https:\/\/flaengfys.dk\/#website","url":"https:\/\/flaengfys.dk\/","name":"Fl\u00e6ng Fysioterapi","description":"For hest &amp; rytter","potentialAction":[{"@type":"SearchAction","target":{"@type":"EntryPoint","urlTemplate":"https:\/\/flaengfys.dk\/?s={search_term_string}"},"query-input":{"@type":"PropertyValueSpecification","valueRequired":true,"valueName":"search_term_string"}}],"inLanguage":"da-DK"}]}},"_links":{"self":[{"href":"https:\/\/flaengfys.dk\/index.php\/wp-json\/wp\/v2\/pages\/66","targetHints":{"allow":["GET"]}}],"collection":[{"href":"https:\/\/flaengfys.dk\/index.php\/wp-json\/wp\/v2\/pages"}],"about":[{"href":"https:\/\/flaengfys.dk\/index.php\/wp-json\/wp\/v2\/types\/page"}],"author":[{"embeddable":true,"href":"https:\/\/flaengfys.dk\/index.php\/wp-json\/wp\/v2\/users\/1"}],"replies":[{"embeddable":true,"href":"https:\/\/flaengfys.dk\/index.php\/wp-json\/wp\/v2\/comments?post=66"}],"version-history":[{"count":4,"href":"https:\/\/flaengfys.dk\/index.php\/wp-json\/wp\/v2\/pages\/66\/revisions"}],"predecessor-version":[{"id":139,"href":"https:\/\/flaengfys.dk\/index.php\/wp-json\/wp\/v2\/pages\/66\/revisions\/139"}],"wp:attachment":[{"href":"https:\/\/flaengfys.dk\/index.php\/wp-json\/wp\/v2\/media?parent=66"}],"curies":[{"name":"wp","href":"https:\/\/api.w.org\/{rel}","templated":true}]}}