{"id":97,"date":"2020-02-03T16:17:59","date_gmt":"2020-02-03T15:17:59","guid":{"rendered":"https:\/\/flaengfys.dk\/?page_id=97"},"modified":"2020-06-30T23:10:40","modified_gmt":"2020-06-30T21:10:40","slug":"priser","status":"publish","type":"page","link":"https:\/\/flaengfys.dk\/index.php\/priser\/","title":{"rendered":"Priser"},"content":{"rendered":"\n<p><strong>Hestefysioterapi <\/strong><br>800 kr. for behandling p\u00e5 min adresse<br>850 kr. +evt. k\u00f8rselsgebyr* for behandling andet steds<br> <\/p>\n\n\n\n<p><strong>Humanfysioterapi<\/strong><br>700 kr, for behandling p\u00e5 min adresse<br>750 kr. + evt. K\u00f8rselsgebyr* for behandling andet steds<br><em>OBS! Det er muligt som medlem af <a href=\"https:\/\/www.sygeforsikring.dk\/\" target=\"_blank\" rel=\"noreferrer noopener\">Sygeforsikringen Danmark<\/a> at f\u00e5 tilskud til en henvisningsberettiget problematik (Kontakt mig, hvis du er i tvivl om du kan blive d\u00e6kket)<br><\/em><\/p>\n\n\n\n<p><strong>Rytterkorrektion<\/strong><br>400 kr. + evt. k\u00f8rselsgebyr*<br>300 kr. hvis det er i forbindelse med heste- eller humanfysioterapi<br><\/p>\n\n\n\n<p><strong>Lymfedranage hest<\/strong><br>1200 kr. + evt. k\u00f8rselsgebyr* Da denne behandling er tidskr\u00e6vende (1,5-2 timer) <\/p>\n\n\n\n<p>*Ved k\u00f8rsel over 25 km. er der et k\u00f8rselsgebyr p\u00e5 4 kr. pr. k\u00f8rt kilometer<br>Jo flere man er, jo flere er der til at deles om k\u00f8rselsudgiften. <\/p>\n","protected":false},"excerpt":{"rendered":"<p>Hestefysioterapi 800 kr. for behandling p\u00e5 min adresse850 kr. +evt. k\u00f8rselsgebyr* for behandling andet steds Humanfysioterapi700 kr, for behandling p\u00e5 min adresse750 kr. + evt. K\u00f8rselsgebyr* for behandling andet stedsOBS! Det er muligt som medlem af Sygeforsikringen Danmark at f\u00e5 tilskud til en henvisningsberettiget problematik (Kontakt mig, hvis du er i tvivl om du kan &hellip; <\/p>\n<p class=\"link-more\"><a href=\"https:\/\/flaengfys.dk\/index.php\/priser\/\" class=\"more-link\">L\u00e6s videre<span class=\"screen-reader-text\"> &#8220;Priser&#8221;<\/span><\/a><\/p>\n","protected":false},"author":1,"featured_media":0,"parent":0,"menu_order":0,"comment_status":"closed","ping_status":"closed","template":"","meta":{"footnotes":""},"class_list":["post-97","page","type-page","status-publish","hentry"],"yoast_head":"<!-- This site is optimized with the Yoast SEO plugin v24.3 - https:\/\/yoast.com\/wordpress\/plugins\/seo\/ -->\n<title>Priser - Fl\u00e6ng Fysioterapi<\/title>\n<meta name=\"robots\" content=\"index, follow, max-snippet:-1, max-image-preview:large, max-video-preview:-1\" \/>\n<link rel=\"canonical\" href=\"https:\/\/flaengfys.dk\/index.php\/priser\/\" \/>\n<meta property=\"og:locale\" content=\"da_DK\" \/>\n<meta property=\"og:type\" content=\"article\" \/>\n<meta property=\"og:title\" content=\"Priser - Fl\u00e6ng Fysioterapi\" \/>\n<meta property=\"og:description\" content=\"Hestefysioterapi 800 kr. for behandling p\u00e5 min adresse850 kr. +evt. k\u00f8rselsgebyr* for behandling andet steds Humanfysioterapi700 kr, for behandling p\u00e5 min adresse750 kr. + evt. K\u00f8rselsgebyr* for behandling andet stedsOBS! Det er muligt som medlem af Sygeforsikringen Danmark at f\u00e5 tilskud til en henvisningsberettiget problematik (Kontakt mig, hvis du er i tvivl om du kan &hellip; L\u00e6s videre &quot;Priser&quot;\" \/>\n<meta property=\"og:url\" content=\"https:\/\/flaengfys.dk\/index.php\/priser\/\" \/>\n<meta property=\"og:site_name\" content=\"Fl\u00e6ng Fysioterapi\" \/>\n<meta property=\"article:modified_time\" content=\"2020-06-30T21:10:40+00:00\" \/>\n<meta name=\"twitter:card\" content=\"summary_large_image\" \/>\n<meta name=\"twitter:label1\" content=\"Estimeret l\u00e6setid\" \/>\n\t<meta name=\"twitter:data1\" content=\"1 minut\" \/>\n<script type=\"application\/ld+json\" class=\"yoast-schema-graph\">{\"@context\":\"https:\/\/schema.org\",\"@graph\":[{\"@type\":\"WebPage\",\"@id\":\"https:\/\/flaengfys.dk\/index.php\/priser\/\",\"url\":\"https:\/\/flaengfys.dk\/index.php\/priser\/\",\"name\":\"Priser - Fl\u00e6ng Fysioterapi\",\"isPartOf\":{\"@id\":\"https:\/\/flaengfys.dk\/#website\"},\"datePublished\":\"2020-02-03T15:17:59+00:00\",\"dateModified\":\"2020-06-30T21:10:40+00:00\",\"breadcrumb\":{\"@id\":\"https:\/\/flaengfys.dk\/index.php\/priser\/#breadcrumb\"},\"inLanguage\":\"da-DK\",\"potentialAction\":[{\"@type\":\"ReadAction\",\"target\":[\"https:\/\/flaengfys.dk\/index.php\/priser\/\"]}]},{\"@type\":\"BreadcrumbList\",\"@id\":\"https:\/\/flaengfys.dk\/index.php\/priser\/#breadcrumb\",\"itemListElement\":[{\"@type\":\"ListItem\",\"position\":1,\"name\":\"Hjem\",\"item\":\"https:\/\/flaengfys.dk\/\"},{\"@type\":\"ListItem\",\"position\":2,\"name\":\"Priser\"}]},{\"@type\":\"WebSite\",\"@id\":\"https:\/\/flaengfys.dk\/#website\",\"url\":\"https:\/\/flaengfys.dk\/\",\"name\":\"Fl\u00e6ng Fysioterapi\",\"description\":\"For hest &amp; rytter\",\"potentialAction\":[{\"@type\":\"SearchAction\",\"target\":{\"@type\":\"EntryPoint\",\"urlTemplate\":\"https:\/\/flaengfys.dk\/?s={search_term_string}\"},\"query-input\":{\"@type\":\"PropertyValueSpecification\",\"valueRequired\":true,\"valueName\":\"search_term_string\"}}],\"inLanguage\":\"da-DK\"}]}<\/script>\n<!-- \/ Yoast SEO plugin. -->","yoast_head_json":{"title":"Priser - Fl\u00e6ng Fysioterapi","robots":{"index":"index","follow":"follow","max-snippet":"max-snippet:-1","max-image-preview":"max-image-preview:large","max-video-preview":"max-video-preview:-1"},"canonical":"https:\/\/flaengfys.dk\/index.php\/priser\/","og_locale":"da_DK","og_type":"article","og_title":"Priser - Fl\u00e6ng Fysioterapi","og_description":"Hestefysioterapi 800 kr. for behandling p\u00e5 min adresse850 kr. +evt. k\u00f8rselsgebyr* for behandling andet steds Humanfysioterapi700 kr, for behandling p\u00e5 min adresse750 kr. + evt. K\u00f8rselsgebyr* for behandling andet stedsOBS! Det er muligt som medlem af Sygeforsikringen Danmark at f\u00e5 tilskud til en henvisningsberettiget problematik (Kontakt mig, hvis du er i tvivl om du kan &hellip; L\u00e6s videre \"Priser\"","og_url":"https:\/\/flaengfys.dk\/index.php\/priser\/","og_site_name":"Fl\u00e6ng Fysioterapi","article_modified_time":"2020-06-30T21:10:40+00:00","twitter_card":"summary_large_image","twitter_misc":{"Estimeret l\u00e6setid":"1 minut"},"schema":{"@context":"https:\/\/schema.org","@graph":[{"@type":"WebPage","@id":"https:\/\/flaengfys.dk\/index.php\/priser\/","url":"https:\/\/flaengfys.dk\/index.php\/priser\/","name":"Priser - Fl\u00e6ng Fysioterapi","isPartOf":{"@id":"https:\/\/flaengfys.dk\/#website"},"datePublished":"2020-02-03T15:17:59+00:00","dateModified":"2020-06-30T21:10:40+00:00","breadcrumb":{"@id":"https:\/\/flaengfys.dk\/index.php\/priser\/#breadcrumb"},"inLanguage":"da-DK","potentialAction":[{"@type":"ReadAction","target":["https:\/\/flaengfys.dk\/index.php\/priser\/"]}]},{"@type":"BreadcrumbList","@id":"https:\/\/flaengfys.dk\/index.php\/priser\/#breadcrumb","itemListElement":[{"@type":"ListItem","position":1,"name":"Hjem","item":"https:\/\/flaengfys.dk\/"},{"@type":"ListItem","position":2,"name":"Priser"}]},{"@type":"WebSite","@id":"https:\/\/flaengfys.dk\/#website","url":"https:\/\/flaengfys.dk\/","name":"Fl\u00e6ng Fysioterapi","description":"For hest &amp; rytter","potentialAction":[{"@type":"SearchAction","target":{"@type":"EntryPoint","urlTemplate":"https:\/\/flaengfys.dk\/?s={search_term_string}"},"query-input":{"@type":"PropertyValueSpecification","valueRequired":true,"valueName":"search_term_string"}}],"inLanguage":"da-DK"}]}},"_links":{"self":[{"href":"https:\/\/flaengfys.dk\/index.php\/wp-json\/wp\/v2\/pages\/97","targetHints":{"allow":["GET"]}}],"collection":[{"href":"https:\/\/flaengfys.dk\/index.php\/wp-json\/wp\/v2\/pages"}],"about":[{"href":"https:\/\/flaengfys.dk\/index.php\/wp-json\/wp\/v2\/types\/page"}],"author":[{"embeddable":true,"href":"https:\/\/flaengfys.dk\/index.php\/wp-json\/wp\/v2\/users\/1"}],"replies":[{"embeddable":true,"href":"https:\/\/flaengfys.dk\/index.php\/wp-json\/wp\/v2\/comments?post=97"}],"version-history":[{"count":4,"href":"https:\/\/flaengfys.dk\/index.php\/wp-json\/wp\/v2\/pages\/97\/revisions"}],"predecessor-version":[{"id":170,"href":"https:\/\/flaengfys.dk\/index.php\/wp-json\/wp\/v2\/pages\/97\/revisions\/170"}],"wp:attachment":[{"href":"https:\/\/flaengfys.dk\/index.php\/wp-json\/wp\/v2\/media?parent=97"}],"curies":[{"name":"wp","href":"https:\/\/api.w.org\/{rel}","templated":true}]}}